{"id":13115,"date":"2022-01-04T12:40:00","date_gmt":"2022-01-04T11:40:00","guid":{"rendered":"https:\/\/www.inu.cz\/barton\/?page_id=13115"},"modified":"2024-02-29T12:42:44","modified_gmt":"2024-02-29T11:42:44","slug":"mytus-nebo-pravda-nejpopularnejsi-pribehy-o-online-kasinech-kterym-lide-stale-veri","status":"publish","type":"page","link":"https:\/\/www.inu.cz\/barton\/mytus-nebo-pravda-nejpopularnejsi-pribehy-o-online-kasinech-kterym-lide-stale-veri\/","title":{"rendered":"M\u00fdtus nebo pravda: nejpopul\u00e1rn\u011bj\u0161\u00ed p\u0159\u00edb\u011bhy o online kasinech, kter\u00fdm lid\u00e9 st\u00e1le v\u011b\u0159\u00ed"},"content":{"rendered":"<h2>Nej\u010dast\u011bj\u0161\u00ed m\u00fdty o online kasinech<\/h2>\n<p>Znalosti o hazardn\u00edm pr\u016fmyslu by se ve skute\u010dnosti nem\u011bly podce\u0148ovat. Je to jedin\u00fd zp\u016fsob, jak se ochr\u00e1nit p\u0159ed mo\u017en\u00fdmi riziky spojen\u00fdmi s bezohledn\u00fdmi online kasiny.\n<h3>M\u00fdtus 1: V\u0161echna online kasina v \u010cesk\u00e9 republice jsou neleg\u00e1ln\u00ed<\/h3>\n<p>Tento m\u00fdtus byl v \u010cesk\u00e9 republice pom\u011brn\u011b roz\u0161\u00ed\u0159en\u00fd. V srpnu 2020 v\u0161ak u n\u00e1s vstoupil v platnost z\u00e1kon o legalizaci hazardn\u00edch her, podle kter\u00e9ho jsou v zemi povoleny offline i online hazardn\u00ed hry, s\u00e1zky, herny s v\u00fdhern\u00edmi automaty a poker.\n<h3>Pro\u010d je to d\u016fle\u017eit\u00e9<\/h3>\n<p>Pouze <a href=\"https:\/\/www.casinopointcz.com\/nove-kasino\/\" target=\"_blank\" rel=\"noopener\">nov\u00e9 \u010desk\u00e9 online casino<\/a> m\u00e1 pro hr\u00e1\u010de i celou spole\u010dnost \u0159adu v\u00fdhod. Zejm\u00e9na proto, \u017ee se \u0159\u00edd\u00ed z\u00e1kony a p\u0159edpisy zem\u011b, ve kter\u00e9 p\u016fsob\u00ed. To znamen\u00e1, \u017ee hr\u00e1\u010di si mohou b\u00fdt jisti, \u017ee jejich pr\u00e1va a z\u00e1jmy budou chr\u00e1n\u011bny.\n<h3>M\u00fdtus 2: V\u0161echna online kasina jsou nebezpe\u010dn\u00e1<\/h3>\n<p>Tento n\u00e1zor se tak\u00e9 objevil v dob\u00e1ch podzemn\u00edho hazardu. Dnes v\u0161ak nen\u00ed o nic m\u00e9n\u011b fale\u0161n\u00fd ne\u017e prvn\u00ed m\u00fdtus. Ve skute\u010dnosti existuje mnoho spolehliv\u00fdch a bezpe\u010dn\u00fdch online kasin, kter\u00e1 spl\u0148uj\u00ed v\u0161echny z\u00e1konn\u00e9 po\u017eadavky. Z\u00e1rukou bezpe\u010dnosti je licence, o kter\u00e9 jsme se zm\u00ednili d\u0159\u00edve.\n<h3>M\u00fdtus 3: Online kasina sv\u00fdm hr\u00e1\u010d\u016fm nevypl\u00e1cej\u00ed pen\u00edze<\/h3>\n<p>Tento obl\u00edben\u00fd m\u00fdtus vznikl proto, \u017ee n\u011bkte\u0159\u00ed podvodn\u00edci vytv\u00e1\u0159ej\u00ed fale\u0161n\u00e1 online kasina, kter\u00e1 nevypl\u00e1cej\u00ed v\u00fdhry. Pokud si v\u0161ak vyberete spolehliv\u00e9 a licencovan\u00e9 kasino, m\u016f\u017eete si b\u00fdt jisti, \u017ee va\u0161e v\u00fdhry budou vyplaceny.\n<h3>M\u00fdtus 4: V online kasinech nen\u00ed mo\u017en\u00e9 vyhr\u00e1t<\/h3>\n<p>Toto tvrzen\u00ed zdaleka nen\u00ed pravdiv\u00e9. Samoz\u0159ejm\u011b, \u017ee v ka\u017ed\u00e9 hazardn\u00ed h\u0159e v\u017edy existuje \u0161ance na v\u00fdhru, ale z\u00e1vis\u00ed na mnoha faktorech, jako jsou nap\u0159.\n<p>\u25cftyp hry\n<p>\u25cf\u0161t\u011bst\u00ed\n<p>\u25cfprocento RTP;\n<p>\u25cfva\u0161e dovednosti a strategie.\n<p>P\u0159esto\u017ee v online kasinech neexistuje 100% z\u00e1ruka v\u00fdhry, existuj\u00ed strategie, kter\u00e9 mohou zv\u00fd\u0161it \u0161ance hr\u00e1\u010de.\n<h3>M\u00fdtus 5: Online kasina jsou jen o automatech<\/h3>\n<p>Tento m\u00fdtus tak\u00e9 nen\u00ed pravdiv\u00fd. Online kasina dnes nejsou jen spousta hrac\u00edch automat\u016f. Nab\u00edzej\u00ed \u0161irokou \u0161k\u00e1lu hazardn\u00edch her, v\u010detn\u011b pokeru, rulety, blackjacku, baccaratu a dal\u0161\u00edch. Hr\u00e1\u010di si tak mohou u\u017e\u00edt rozmanitou z\u00e1bavu a vybrat si hry podle sv\u00fdch preferenc\u00ed, dovednost\u00ed, a dokonce i n\u00e1lady.\n<h2>Jak z\u00edskat pozitivn\u00ed zku\u0161enosti v online kasinu<\/h2>\n<p>Abyste si zajistili, \u017ee v\u00e1\u0161 \u010das str\u00e1ven\u00fd v online kasinu bude jen z\u00e1bava, mus\u00edte dodr\u017eet n\u011bkolik jednoduch\u00fdch krok\u016f.\n<h3>Vyberte si spolehlivou platformu<\/h3>\n<p>Za\u010dn\u011bte v\u00fdb\u011brem d\u016fv\u011bryhodn\u00e9ho online kasina. Zkontrolujte recenze, hodnocen\u00ed a licence, abyste se ujistili, \u017ee je v\u00e1mi vybran\u00e1 platforma poctiv\u00e1 a bezpe\u010dn\u00e1.\n<h3>P\u0159e\u010dt\u011bte si pravidla hry<\/h3>\n<p>Ka\u017ed\u00e1 hra m\u00e1 sv\u00e1 vlastn\u00ed pravidla a strategie. P\u0159e\u010dt\u011bte si je, ne\u017e kliknete na tla\u010d\u00edtko &#8220;Start&#8221;. \u010c\u00edm l\u00e9pe budete h\u0159e rozum\u011bt, t\u00edm v\u011bt\u0161\u00ed m\u00e1te \u0161anci na \u00fasp\u011bch.\n<h3>Nastavte si limity s\u00e1zek<\/h3>\n<p>P\u0159evezm\u011bte kontrolu nad sv\u00fdmi financemi a nastavte si limity s\u00e1zek. Stanovte si rozpo\u010det na hru a dr\u017ete se ho. To v\u00e1m pom\u016f\u017ee vyhnout se ztr\u00e1t\u00e1m a udr\u017eet si pozitivn\u00ed z\u00e1\u017eitek.\n<h3>Vyu\u017e\u00edvejte bonusy a promo k\u00f3dy<\/h3>\n<p>Mnoho kasin nab\u00edz\u00ed r\u016fzn\u00e9 bonusy a promo k\u00f3dy pro nov\u00e9 i pravideln\u00e9 hr\u00e1\u010de. Vyu\u017e\u00edvejte je, abyste si vylep\u0161ili hern\u00ed z\u00e1\u017eitek a zv\u00fd\u0161ili sv\u00e9 \u0161ance na v\u00fdhru.\n<h3>Pochopte riziko prohry<\/h3>\n<p>Kl\u00ed\u010dov\u00fdm aspektem hran\u00ed v kasinu je pochopen\u00ed pravd\u011bpodobnost\u00ed a rizik. Nepod\u00e1vejte s\u00e1zky, kter\u00e9 jsou p\u0159\u00edli\u0161 riskantn\u00ed, a pamatujte, \u017ee online kasinov\u00e9 hry jsou pro z\u00e1bavu, ne pro vyd\u011bl\u00e1v\u00e1n\u00ed pen\u011bz.\n<h3>Experimentujte s r\u016fzn\u00fdmi hrami<\/h3>\n<p>Vyzkou\u0161ejte r\u016fzn\u00e9 typy her, abyste na\u0161li ty, kter\u00e9 se v\u00e1m l\u00edb\u00ed nejv\u00edce. Experimentujte a u\u017e\u00edvejte si rozmanitost hazardn\u00ed z\u00e1bavy.\n<h3>Zachovejte si pozitivn\u00ed p\u0159\u00edstup<\/h3>\n<p>Hlavn\u00ed je u\u017e\u00edvat si proces hran\u00ed a z\u016fstat pozitivn\u00ed i v p\u0159\u00edpad\u011b prohry.\n<p>Bu\u010fte zodpov\u011bdn\u00ed a pamatujte: hazardn\u00ed hry jsou ur\u010deny pro z\u00e1bavu. Proto v\u00e1m jejich spr\u00e1vn\u00e9 vn\u00edm\u00e1n\u00ed a odm\u00edt\u00e1n\u00ed m\u00fdt\u016f pom\u016f\u017ee pln\u011b docenit v\u00fdhody online kasin, kter\u00e9 v\u00e1m pomohou uvolnit se po n\u00e1ro\u010dn\u00e9m dni a pono\u0159it se do sv\u011bta hazardn\u00edch her.\n<img decoding=\"async\" src=\"https:\/\/www.news-reporter.com\/wp-content\/uploads\/2023\/03\/The-Impact-of-Technology-on-the-Gambling-and-Casino-Industries.jpg\" alt=\"casino\" \/>","protected":false},"excerpt":{"rendered":"<p>Nej\u010dast\u011bj\u0161\u00ed m\u00fdty o online kasinech Znalosti o hazardn\u00edm pr\u016fmyslu by se ve skute\u010dnosti nem\u011bly podce\u0148ovat. Je to jedin\u00fd zp\u016fsob, jak se ochr\u00e1nit p\u0159ed mo\u017en\u00fdmi riziky spojen\u00fdmi s bezohledn\u00fdmi online kasiny. M\u00fdtus 1: V\u0161echna online kasina v \u010cesk\u00e9 republice jsou neleg\u00e1ln\u00ed Tento m\u00fdtus byl v \u010cesk\u00e9 republice pom\u011brn\u011b roz\u0161\u00ed\u0159en\u00fd. V srpnu 2020 v\u0161ak u n\u00e1s vstoupil v platnost z\u00e1kon o legalizaci hazardn\u00edch her, podle kter\u00e9ho jsou v zemi povoleny offline i online hazardn\u00ed hry, s\u00e1zky, herny s v\u00fdhern\u00edmi automaty a poker. Pro\u010d je to d\u016fle\u017eit\u00e9 Pouze nov\u00e9 \u010desk\u00e9 online casino m\u00e1 pro hr\u00e1\u010de i celou spole\u010dnost \u0159adu v\u00fdhod. Zejm\u00e9na proto, \u017ee se \u0159\u00edd\u00ed z\u00e1kony a p\u0159edpisy zem\u011b, ve kter\u00e9 p\u016fsob\u00ed. To znamen\u00e1, \u017ee hr\u00e1\u010di si mohou b\u00fdt jisti, \u017ee jejich pr\u00e1va a z\u00e1jmy budou chr\u00e1n\u011bny. M\u00fdtus 2: V\u0161echna online kasina jsou nebezpe\u010dn\u00e1 Tento n\u00e1zor se tak\u00e9 objevil v dob\u00e1ch podzemn\u00edho hazardu. Dnes v\u0161ak nen\u00ed o nic m\u00e9n\u011b fale\u0161n\u00fd ne\u017e prvn\u00ed m\u00fdtus. Ve skute\u010dnosti existuje mnoho spolehliv\u00fdch a bezpe\u010dn\u00fdch online kasin, kter\u00e1 spl\u0148uj\u00ed v\u0161echny z\u00e1konn\u00e9 po\u017eadavky. Z\u00e1rukou bezpe\u010dnosti je licence, o kter\u00e9 jsme se zm\u00ednili d\u0159\u00edve. M\u00fdtus 3: Online kasina sv\u00fdm hr\u00e1\u010d\u016fm nevypl\u00e1cej\u00ed pen\u00edze Tento obl\u00edben\u00fd m\u00fdtus vznikl proto, \u017ee n\u011bkte\u0159\u00ed podvodn\u00edci vytv\u00e1\u0159ej\u00ed fale\u0161n\u00e1 online kasina, kter\u00e1 nevypl\u00e1cej\u00ed v\u00fdhry. Pokud si v\u0161ak vyberete spolehliv\u00e9 a licencovan\u00e9 kasino, m\u016f\u017eete si b\u00fdt jisti, \u017ee va\u0161e v\u00fdhry budou vyplaceny. M\u00fdtus 4: V online kasinech nen\u00ed mo\u017en\u00e9 vyhr\u00e1t Toto tvrzen\u00ed zdaleka nen\u00ed pravdiv\u00e9. Samoz\u0159ejm\u011b, \u017ee v ka\u017ed\u00e9 hazardn\u00ed h\u0159e v\u017edy existuje \u0161ance na v\u00fdhru, ale z\u00e1vis\u00ed na mnoha faktorech, jako jsou nap\u0159. \u25cftyp hry \u25cf\u0161t\u011bst\u00ed \u25cfprocento RTP; \u25cfva\u0161e dovednosti a strategie. P\u0159esto\u017ee v online kasinech neexistuje 100% z\u00e1ruka v\u00fdhry, existuj\u00ed strategie, kter\u00e9 mohou zv\u00fd\u0161it \u0161ance hr\u00e1\u010de. M\u00fdtus 5: Online kasina jsou jen o automatech Tento m\u00fdtus tak\u00e9 nen\u00ed pravdiv\u00fd. Online kasina dnes nejsou jen spousta hrac\u00edch automat\u016f. Nab\u00edzej\u00ed \u0161irokou \u0161k\u00e1lu hazardn\u00edch her, v\u010detn\u011b pokeru, rulety, blackjacku, baccaratu a dal\u0161\u00edch. Hr\u00e1\u010di si tak mohou u\u017e\u00edt rozmanitou z\u00e1bavu a vybrat si hry podle sv\u00fdch preferenc\u00ed, dovednost\u00ed, a dokonce i n\u00e1lady. Jak z\u00edskat pozitivn\u00ed zku\u0161enosti v online kasinu Abyste si zajistili, \u017ee v\u00e1\u0161 \u010das str\u00e1ven\u00fd v online kasinu bude jen z\u00e1bava, mus\u00edte dodr\u017eet n\u011bkolik jednoduch\u00fdch krok\u016f. Vyberte si spolehlivou platformu Za\u010dn\u011bte v\u00fdb\u011brem d\u016fv\u011bryhodn\u00e9ho online kasina. Zkontrolujte recenze, hodnocen\u00ed a licence, abyste se ujistili, \u017ee je v\u00e1mi vybran\u00e1 platforma poctiv\u00e1 a bezpe\u010dn\u00e1. P\u0159e\u010dt\u011bte si pravidla hry Ka\u017ed\u00e1 hra m\u00e1 sv\u00e1 vlastn\u00ed pravidla a strategie. P\u0159e\u010dt\u011bte si je, ne\u017e kliknete na tla\u010d\u00edtko &#8220;Start&#8221;. \u010c\u00edm l\u00e9pe budete h\u0159e rozum\u011bt, t\u00edm v\u011bt\u0161\u00ed m\u00e1te \u0161anci na \u00fasp\u011bch. Nastavte si limity s\u00e1zek P\u0159evezm\u011bte kontrolu nad sv\u00fdmi financemi a nastavte si limity s\u00e1zek. Stanovte si rozpo\u010det na hru a dr\u017ete se ho. To v\u00e1m pom\u016f\u017ee vyhnout se ztr\u00e1t\u00e1m a udr\u017eet si pozitivn\u00ed z\u00e1\u017eitek. Vyu\u017e\u00edvejte bonusy a promo k\u00f3dy Mnoho kasin nab\u00edz\u00ed r\u016fzn\u00e9 bonusy a promo k\u00f3dy pro nov\u00e9 i pravideln\u00e9 hr\u00e1\u010de. Vyu\u017e\u00edvejte je, abyste si vylep\u0161ili hern\u00ed z\u00e1\u017eitek a zv\u00fd\u0161ili sv\u00e9 \u0161ance na v\u00fdhru. Pochopte riziko prohry Kl\u00ed\u010dov\u00fdm aspektem hran\u00ed v kasinu je pochopen\u00ed pravd\u011bpodobnost\u00ed a rizik. Nepod\u00e1vejte s\u00e1zky, kter\u00e9 jsou p\u0159\u00edli\u0161 riskantn\u00ed, a pamatujte, \u017ee online kasinov\u00e9 hry jsou pro z\u00e1bavu, ne pro vyd\u011bl\u00e1v\u00e1n\u00ed pen\u011bz. Experimentujte s r\u016fzn\u00fdmi hrami Vyzkou\u0161ejte r\u016fzn\u00e9 typy her, abyste na\u0161li ty, kter\u00e9 se v\u00e1m l\u00edb\u00ed nejv\u00edce. Experimentujte a u\u017e\u00edvejte si rozmanitost hazardn\u00ed z\u00e1bavy. Zachovejte si pozitivn\u00ed p\u0159\u00edstup Hlavn\u00ed je u\u017e\u00edvat si proces hran\u00ed a z\u016fstat pozitivn\u00ed i v p\u0159\u00edpad\u011b prohry. Bu\u010fte zodpov\u011bdn\u00ed a pamatujte: hazardn\u00ed hry jsou ur\u010deny pro z\u00e1bavu. Proto v\u00e1m jejich spr\u00e1vn\u00e9 vn\u00edm\u00e1n\u00ed a odm\u00edt\u00e1n\u00ed m\u00fdt\u016f pom\u016f\u017ee pln\u011b docenit v\u00fdhody online kasin, kter\u00e9 v\u00e1m pomohou uvolnit se po n\u00e1ro\u010dn\u00e9m dni a pono\u0159it se do sv\u011bta hazardn\u00edch her.<\/p>\n","protected":false},"author":3,"featured_media":0,"parent":0,"menu_order":0,"comment_status":"closed","ping_status":"closed","template":"","meta":{"footnotes":""},"class_list":["post-13115","page","type-page","status-publish","hentry"],"acf":[],"_links":{"self":[{"href":"https:\/\/www.inu.cz\/barton\/wp-json\/wp\/v2\/pages\/13115"}],"collection":[{"href":"https:\/\/www.inu.cz\/barton\/wp-json\/wp\/v2\/pages"}],"about":[{"href":"https:\/\/www.inu.cz\/barton\/wp-json\/wp\/v2\/types\/page"}],"author":[{"embeddable":true,"href":"https:\/\/www.inu.cz\/barton\/wp-json\/wp\/v2\/users\/3"}],"replies":[{"embeddable":true,"href":"https:\/\/www.inu.cz\/barton\/wp-json\/wp\/v2\/comments?post=13115"}],"version-history":[{"count":0,"href":"https:\/\/www.inu.cz\/barton\/wp-json\/wp\/v2\/pages\/13115\/revisions"}],"wp:attachment":[{"href":"https:\/\/www.inu.cz\/barton\/wp-json\/wp\/v2\/media?parent=13115"}],"curies":[{"name":"wp","href":"https:\/\/api.w.org\/{rel}","templated":true}]}}