{"id":13429,"date":"2024-06-02T21:01:47","date_gmt":"2024-06-02T19:01:47","guid":{"rendered":"https:\/\/www.inu.cz\/barton\/?post_type=product&#038;p=13429"},"modified":"2025-12-20T20:53:37","modified_gmt":"2025-12-20T19:53:37","slug":"zvireci-kalendar-zazracna-priroda-2025","status":"publish","type":"product","link":"https:\/\/www.inu.cz\/barton\/produkt\/zvireci-kalendar-zazracna-priroda-2025\/","title":{"rendered":"N\u00e1st\u011bnn\u00fd kalend\u00e1\u0159 Z\u00e1zra\u010dn\u00e1 p\u0159\u00edroda 2026"},"content":{"rendered":"<p>D\u011bkuji p\u0159edem za va\u0161e p\u0159\u00edpadn\u00e9 objedn\u00e1vky<\/p>\n","protected":false},"excerpt":{"rendered":"<p>N\u00e1st\u011bnn\u00fd: form\u00e1t A3+ (450\u00d7310 mm + karton 450\u00d7350 mm), 14 stran na kvalitn\u00edm k\u0159\u00eddov\u00e9m pap\u00edru.<\/p>\n","protected":false},"featured_media":15631,"template":"","meta":[],"product_brand":[],"product_cat":[75],"product_tag":[],"class_list":{"0":"post-13429","1":"product","2":"type-product","3":"status-publish","4":"has-post-thumbnail","6":"product_cat-nastenne","8":"first","9":"outofstock","10":"featured","11":"shipping-taxable","12":"purchasable","13":"product-type-simple"},"acf":[],"_links":{"self":[{"href":"https:\/\/www.inu.cz\/barton\/wp-json\/wp\/v2\/product\/13429"}],"collection":[{"href":"https:\/\/www.inu.cz\/barton\/wp-json\/wp\/v2\/product"}],"about":[{"href":"https:\/\/www.inu.cz\/barton\/wp-json\/wp\/v2\/types\/product"}],"wp:featuredmedia":[{"embeddable":true,"href":"https:\/\/www.inu.cz\/barton\/wp-json\/wp\/v2\/media\/15631"}],"wp:attachment":[{"href":"https:\/\/www.inu.cz\/barton\/wp-json\/wp\/v2\/media?parent=13429"}],"wp:term":[{"taxonomy":"product_brand","embeddable":true,"href":"https:\/\/www.inu.cz\/barton\/wp-json\/wp\/v2\/product_brand?post=13429"},{"taxonomy":"product_cat","embeddable":true,"href":"https:\/\/www.inu.cz\/barton\/wp-json\/wp\/v2\/product_cat?post=13429"},{"taxonomy":"product_tag","embeddable":true,"href":"https:\/\/www.inu.cz\/barton\/wp-json\/wp\/v2\/product_tag?post=13429"}],"curies":[{"name":"wp","href":"https:\/\/api.w.org\/{rel}","templated":true}]}}