{"id":13464,"date":"2024-06-02T21:25:44","date_gmt":"2024-06-02T19:25:44","guid":{"rendered":"https:\/\/www.inu.cz\/barton\/?post_type=product&#038;p=13464"},"modified":"2025-12-12T19:28:02","modified_gmt":"2025-12-12T18:28:02","slug":"stolni-kalendar-orlicke-hory-2025","status":"publish","type":"product","link":"https:\/\/www.inu.cz\/barton\/produkt\/stolni-kalendar-orlicke-hory-2025\/","title":{"rendered":"Stoln\u00ed kalend\u00e1\u0159 Orlick\u00e9 hory 2026"},"content":{"rendered":"<p><span style=\"color: #ff0000;\"><strong>Tyto kalend\u00e1\u0159e u\u017e bohu\u017eel nelze objednat!<\/strong><\/span><\/p>\n","protected":false},"excerpt":{"rendered":"<p><strong>Stoln\u00ed kalend\u00e1\u0159e pro rok 2026<\/strong><\/p>\n<p>Rozm\u011bry 300 x 150 mm.<br \/>\n<strong>Kartonov\u00e1 stojka s pevn\u00fdm dnem<\/strong><br \/>\nT\u00fddenn\u00ed kalend\u00e1\u0159 &#8211; 29 list\u016f &#8211; Sv\u00e1tky, f\u00e1ze m\u011bs\u00edce<\/p>\n","protected":false},"featured_media":15610,"template":"","meta":[],"product_brand":[],"product_cat":[74],"product_tag":[],"class_list":{"0":"post-13464","1":"product","2":"type-product","3":"status-publish","4":"has-post-thumbnail","6":"product_cat-stolni","8":"first","9":"outofstock","10":"featured","11":"shipping-taxable","12":"purchasable","13":"product-type-simple"},"acf":[],"_links":{"self":[{"href":"https:\/\/www.inu.cz\/barton\/wp-json\/wp\/v2\/product\/13464"}],"collection":[{"href":"https:\/\/www.inu.cz\/barton\/wp-json\/wp\/v2\/product"}],"about":[{"href":"https:\/\/www.inu.cz\/barton\/wp-json\/wp\/v2\/types\/product"}],"wp:featuredmedia":[{"embeddable":true,"href":"https:\/\/www.inu.cz\/barton\/wp-json\/wp\/v2\/media\/15610"}],"wp:attachment":[{"href":"https:\/\/www.inu.cz\/barton\/wp-json\/wp\/v2\/media?parent=13464"}],"wp:term":[{"taxonomy":"product_brand","embeddable":true,"href":"https:\/\/www.inu.cz\/barton\/wp-json\/wp\/v2\/product_brand?post=13464"},{"taxonomy":"product_cat","embeddable":true,"href":"https:\/\/www.inu.cz\/barton\/wp-json\/wp\/v2\/product_cat?post=13464"},{"taxonomy":"product_tag","embeddable":true,"href":"https:\/\/www.inu.cz\/barton\/wp-json\/wp\/v2\/product_tag?post=13464"}],"curies":[{"name":"wp","href":"https:\/\/api.w.org\/{rel}","templated":true}]}}