{"id":13465,"date":"2024-06-02T21:28:29","date_gmt":"2024-06-02T19:28:29","guid":{"rendered":"https:\/\/www.inu.cz\/barton\/?post_type=product&#038;p=13465"},"modified":"2025-11-20T12:50:34","modified_gmt":"2025-11-20T11:50:34","slug":"nastenny-kalendar-orlicke-hory-2025","status":"publish","type":"product","link":"https:\/\/www.inu.cz\/barton\/produkt\/nastenny-kalendar-orlicke-hory-2025\/","title":{"rendered":"N\u00e1st\u011bnn\u00fd kalend\u00e1\u0159 Orlick\u00e9 hory 2026"},"content":{"rendered":"<p>Tento produkt je ji\u017e bohu\u017eel zcela vyprod\u00e1n<\/p>\n","protected":false},"excerpt":{"rendered":"<p>N\u00e1st\u011bnn\u00fd: form\u00e1t A3+ (450\u00d7310 mm + karton 450\u00d7370 mm), 14 stran na kvalitn\u00edm k\u0159\u00eddov\u00e9m pap\u00edru.<\/p>\n<p>Vyprod\u00e1no!<\/p>\n","protected":false},"featured_media":15600,"template":"","meta":[],"product_brand":[],"product_cat":[75],"product_tag":[],"class_list":{"0":"post-13465","1":"product","2":"type-product","3":"status-publish","4":"has-post-thumbnail","6":"product_cat-nastenne","8":"first","9":"outofstock","10":"featured","11":"shipping-taxable","12":"purchasable","13":"product-type-simple"},"acf":[],"_links":{"self":[{"href":"https:\/\/www.inu.cz\/barton\/wp-json\/wp\/v2\/product\/13465"}],"collection":[{"href":"https:\/\/www.inu.cz\/barton\/wp-json\/wp\/v2\/product"}],"about":[{"href":"https:\/\/www.inu.cz\/barton\/wp-json\/wp\/v2\/types\/product"}],"wp:featuredmedia":[{"embeddable":true,"href":"https:\/\/www.inu.cz\/barton\/wp-json\/wp\/v2\/media\/15600"}],"wp:attachment":[{"href":"https:\/\/www.inu.cz\/barton\/wp-json\/wp\/v2\/media?parent=13465"}],"wp:term":[{"taxonomy":"product_brand","embeddable":true,"href":"https:\/\/www.inu.cz\/barton\/wp-json\/wp\/v2\/product_brand?post=13465"},{"taxonomy":"product_cat","embeddable":true,"href":"https:\/\/www.inu.cz\/barton\/wp-json\/wp\/v2\/product_cat?post=13465"},{"taxonomy":"product_tag","embeddable":true,"href":"https:\/\/www.inu.cz\/barton\/wp-json\/wp\/v2\/product_tag?post=13465"}],"curies":[{"name":"wp","href":"https:\/\/api.w.org\/{rel}","templated":true}]}}