{"id":13883,"date":"2024-12-12T13:55:15","date_gmt":"2024-12-12T12:55:15","guid":{"rendered":"https:\/\/www.inu.cz\/barton\/?post_type=product&#038;p=13883"},"modified":"2024-12-19T14:00:49","modified_gmt":"2024-12-19T13:00:49","slug":"za-zviratky-bez-ohradky","status":"publish","type":"product","link":"https:\/\/www.inu.cz\/barton\/produkt\/za-zviratky-bez-ohradky\/","title":{"rendered":"Za zv\u00ed\u0159\u00e1tky bez ohr\u00e1dky"},"content":{"rendered":"","protected":false},"excerpt":{"rendered":"<p><strong>Klasick\u00e1 hra Pexeso<\/strong><\/p>\n","protected":false},"featured_media":13956,"template":"","meta":[],"product_brand":[],"product_cat":[429],"product_tag":[],"class_list":{"0":"post-13883","1":"product","2":"type-product","3":"status-publish","4":"has-post-thumbnail","6":"product_cat-pexeso","8":"first","9":"instock","10":"featured","11":"shipping-taxable","12":"purchasable","13":"product-type-simple"},"acf":[],"_links":{"self":[{"href":"https:\/\/www.inu.cz\/barton\/wp-json\/wp\/v2\/product\/13883"}],"collection":[{"href":"https:\/\/www.inu.cz\/barton\/wp-json\/wp\/v2\/product"}],"about":[{"href":"https:\/\/www.inu.cz\/barton\/wp-json\/wp\/v2\/types\/product"}],"wp:featuredmedia":[{"embeddable":true,"href":"https:\/\/www.inu.cz\/barton\/wp-json\/wp\/v2\/media\/13956"}],"wp:attachment":[{"href":"https:\/\/www.inu.cz\/barton\/wp-json\/wp\/v2\/media?parent=13883"}],"wp:term":[{"taxonomy":"product_brand","embeddable":true,"href":"https:\/\/www.inu.cz\/barton\/wp-json\/wp\/v2\/product_brand?post=13883"},{"taxonomy":"product_cat","embeddable":true,"href":"https:\/\/www.inu.cz\/barton\/wp-json\/wp\/v2\/product_cat?post=13883"},{"taxonomy":"product_tag","embeddable":true,"href":"https:\/\/www.inu.cz\/barton\/wp-json\/wp\/v2\/product_tag?post=13883"}],"curies":[{"name":"wp","href":"https:\/\/api.w.org\/{rel}","templated":true}]}}