{"id":14978,"date":"2024-12-19T20:06:43","date_gmt":"2024-12-19T19:06:43","guid":{"rendered":"https:\/\/www.inu.cz\/barton\/?post_type=product&#038;p=14978"},"modified":"2024-12-19T20:07:58","modified_gmt":"2024-12-19T19:07:58","slug":"kamzik-horsky-tatransky","status":"publish","type":"product","link":"https:\/\/www.inu.cz\/barton\/produkt\/kamzik-horsky-tatransky\/","title":{"rendered":"Kamz\u00edk horsk\u00fd tatransk\u00fd"},"content":{"rendered":"","protected":false},"excerpt":{"rendered":"","protected":false},"featured_media":13919,"template":"","meta":[],"product_brand":[],"product_cat":[124],"product_tag":[],"class_list":{"0":"post-14978","1":"product","2":"type-product","3":"status-publish","4":"has-post-thumbnail","6":"product_cat-magnetky","8":"first","9":"instock","10":"featured","11":"shipping-taxable","12":"purchasable","13":"product-type-simple"},"acf":[],"_links":{"self":[{"href":"https:\/\/www.inu.cz\/barton\/wp-json\/wp\/v2\/product\/14978"}],"collection":[{"href":"https:\/\/www.inu.cz\/barton\/wp-json\/wp\/v2\/product"}],"about":[{"href":"https:\/\/www.inu.cz\/barton\/wp-json\/wp\/v2\/types\/product"}],"wp:featuredmedia":[{"embeddable":true,"href":"https:\/\/www.inu.cz\/barton\/wp-json\/wp\/v2\/media\/13919"}],"wp:attachment":[{"href":"https:\/\/www.inu.cz\/barton\/wp-json\/wp\/v2\/media?parent=14978"}],"wp:term":[{"taxonomy":"product_brand","embeddable":true,"href":"https:\/\/www.inu.cz\/barton\/wp-json\/wp\/v2\/product_brand?post=14978"},{"taxonomy":"product_cat","embeddable":true,"href":"https:\/\/www.inu.cz\/barton\/wp-json\/wp\/v2\/product_cat?post=14978"},{"taxonomy":"product_tag","embeddable":true,"href":"https:\/\/www.inu.cz\/barton\/wp-json\/wp\/v2\/product_tag?post=14978"}],"curies":[{"name":"wp","href":"https:\/\/api.w.org\/{rel}","templated":true}]}}