{"id":15782,"date":"2025-11-17T13:22:35","date_gmt":"2025-11-17T12:22:35","guid":{"rendered":"https:\/\/www.inu.cz\/barton\/?post_type=product&#038;p=15782"},"modified":"2025-11-17T13:26:54","modified_gmt":"2025-11-17T12:26:54","slug":"zamberk-domek-prokopa-divise","status":"publish","type":"product","link":"https:\/\/www.inu.cz\/barton\/produkt\/zamberk-domek-prokopa-divise\/","title":{"rendered":"\u017damberk &#8211; domek Prokopa Divi\u0161e"},"content":{"rendered":"<p>Pohlednice rozm\u011br\u00a0 A6 (105 x 148 mm)<\/p>\n","protected":false},"excerpt":{"rendered":"<p>Pohlednice rozm\u011br\u00a0 A6 (105 x 148 mm)<\/p>\n","protected":false},"featured_media":15776,"template":"","meta":[],"product_brand":[],"product_cat":[450],"product_tag":[],"class_list":{"0":"post-15782","1":"product","2":"type-product","3":"status-publish","4":"has-post-thumbnail","6":"product_cat-pohlednice","8":"first","9":"instock","10":"shipping-taxable","11":"purchasable","12":"product-type-simple"},"acf":[],"_links":{"self":[{"href":"https:\/\/www.inu.cz\/barton\/wp-json\/wp\/v2\/product\/15782"}],"collection":[{"href":"https:\/\/www.inu.cz\/barton\/wp-json\/wp\/v2\/product"}],"about":[{"href":"https:\/\/www.inu.cz\/barton\/wp-json\/wp\/v2\/types\/product"}],"wp:featuredmedia":[{"embeddable":true,"href":"https:\/\/www.inu.cz\/barton\/wp-json\/wp\/v2\/media\/15776"}],"wp:attachment":[{"href":"https:\/\/www.inu.cz\/barton\/wp-json\/wp\/v2\/media?parent=15782"}],"wp:term":[{"taxonomy":"product_brand","embeddable":true,"href":"https:\/\/www.inu.cz\/barton\/wp-json\/wp\/v2\/product_brand?post=15782"},{"taxonomy":"product_cat","embeddable":true,"href":"https:\/\/www.inu.cz\/barton\/wp-json\/wp\/v2\/product_cat?post=15782"},{"taxonomy":"product_tag","embeddable":true,"href":"https:\/\/www.inu.cz\/barton\/wp-json\/wp\/v2\/product_tag?post=15782"}],"curies":[{"name":"wp","href":"https:\/\/api.w.org\/{rel}","templated":true}]}}