{"id":15873,"date":"2025-11-17T14:55:50","date_gmt":"2025-11-17T13:55:50","guid":{"rendered":"https:\/\/www.inu.cz\/barton\/?post_type=product&#038;p=15873"},"modified":"2025-11-18T11:58:44","modified_gmt":"2025-11-18T10:58:44","slug":"sumava-chalupska-slat","status":"publish","type":"product","link":"https:\/\/www.inu.cz\/barton\/produkt\/sumava-chalupska-slat\/","title":{"rendered":"\u0160umava &#8211; Chalupsk\u00e1 sla\u0165"},"content":{"rendered":"<p>P\u0159i v\u00fdb\u011bru Puzzle nem\u00e1 velikost \u017e\u00e1dn\u00fd vliv!<\/p>\n","protected":false},"excerpt":{"rendered":"<p>P\u0159i v\u00fdb\u011bru Puzzle nem\u00e1 velikost \u017e\u00e1dn\u00fd vliv!<\/p>\n","protected":false},"featured_media":15871,"template":"","meta":[],"product_brand":[],"product_cat":[47],"product_tag":[],"class_list":{"0":"post-15873","1":"product","2":"type-product","3":"status-publish","4":"has-post-thumbnail","6":"product_cat-krajina","7":"pa_podklad-puzzle","8":"pa_podklad-fotoplatno","9":"pa_velikost-45x30","10":"pa_velikost-60x40","11":"pa_velikost-90x60","12":"pa_velikost-120x80","13":"pa_velikost-150x100","15":"first","16":"instock","17":"shipping-taxable","18":"purchasable","19":"product-type-variable","20":"has-default-attributes"},"acf":[],"_links":{"self":[{"href":"https:\/\/www.inu.cz\/barton\/wp-json\/wp\/v2\/product\/15873"}],"collection":[{"href":"https:\/\/www.inu.cz\/barton\/wp-json\/wp\/v2\/product"}],"about":[{"href":"https:\/\/www.inu.cz\/barton\/wp-json\/wp\/v2\/types\/product"}],"wp:featuredmedia":[{"embeddable":true,"href":"https:\/\/www.inu.cz\/barton\/wp-json\/wp\/v2\/media\/15871"}],"wp:attachment":[{"href":"https:\/\/www.inu.cz\/barton\/wp-json\/wp\/v2\/media?parent=15873"}],"wp:term":[{"taxonomy":"product_brand","embeddable":true,"href":"https:\/\/www.inu.cz\/barton\/wp-json\/wp\/v2\/product_brand?post=15873"},{"taxonomy":"product_cat","embeddable":true,"href":"https:\/\/www.inu.cz\/barton\/wp-json\/wp\/v2\/product_cat?post=15873"},{"taxonomy":"product_tag","embeddable":true,"href":"https:\/\/www.inu.cz\/barton\/wp-json\/wp\/v2\/product_tag?post=15873"}],"curies":[{"name":"wp","href":"https:\/\/api.w.org\/{rel}","templated":true}]}}