{"id":1963,"date":"2022-01-07T23:47:04","date_gmt":"2022-01-07T22:47:04","guid":{"rendered":"https:\/\/www.inu.cz\/barton\/?post_type=product&#038;p=1963"},"modified":"2024-12-15T21:17:58","modified_gmt":"2024-12-15T20:17:58","slug":"pavucina","status":"publish","type":"product","link":"https:\/\/www.inu.cz\/barton\/produkt\/pavucina\/","title":{"rendered":"Pavu\u010dina"},"content":{"rendered":"<p>P\u0159i v\u00fdb\u011bru Puzzle nem\u00e1 velikost \u017e\u00e1dn\u00fd vliv!<\/p>\n","protected":false},"excerpt":{"rendered":"<p>P\u0159i v\u00fdb\u011bru Puzzle nem\u00e1 velikost \u017e\u00e1dn\u00fd vliv!<\/p>\n","protected":false},"featured_media":1962,"template":"","meta":[],"product_brand":[],"product_cat":[55],"product_tag":[],"class_list":{"0":"post-1963","1":"product","2":"type-product","3":"status-publish","4":"has-post-thumbnail","6":"product_cat-ruzne","7":"pa_podklad-puzzle","8":"pa_podklad-fotoplatno","9":"pa_velikost-45x30","10":"pa_velikost-60x40","11":"pa_velikost-90x60","12":"pa_velikost-120x80","13":"pa_velikost-150x100","15":"first","16":"instock","17":"shipping-taxable","18":"product-type-variable","19":"has-default-attributes"},"acf":[],"_links":{"self":[{"href":"https:\/\/www.inu.cz\/barton\/wp-json\/wp\/v2\/product\/1963"}],"collection":[{"href":"https:\/\/www.inu.cz\/barton\/wp-json\/wp\/v2\/product"}],"about":[{"href":"https:\/\/www.inu.cz\/barton\/wp-json\/wp\/v2\/types\/product"}],"wp:featuredmedia":[{"embeddable":true,"href":"https:\/\/www.inu.cz\/barton\/wp-json\/wp\/v2\/media\/1962"}],"wp:attachment":[{"href":"https:\/\/www.inu.cz\/barton\/wp-json\/wp\/v2\/media?parent=1963"}],"wp:term":[{"taxonomy":"product_brand","embeddable":true,"href":"https:\/\/www.inu.cz\/barton\/wp-json\/wp\/v2\/product_brand?post=1963"},{"taxonomy":"product_cat","embeddable":true,"href":"https:\/\/www.inu.cz\/barton\/wp-json\/wp\/v2\/product_cat?post=1963"},{"taxonomy":"product_tag","embeddable":true,"href":"https:\/\/www.inu.cz\/barton\/wp-json\/wp\/v2\/product_tag?post=1963"}],"curies":[{"name":"wp","href":"https:\/\/api.w.org\/{rel}","templated":true}]}}