{"id":2323,"date":"2022-01-10T14:58:57","date_gmt":"2022-01-10T13:58:57","guid":{"rendered":"https:\/\/www.inu.cz\/barton\/?post_type=product&#038;p=2323"},"modified":"2024-12-15T21:17:59","modified_gmt":"2024-12-15T20:17:59","slug":"pustik-obecny-kopirovat","status":"publish","type":"product","link":"https:\/\/www.inu.cz\/barton\/produkt\/pustik-obecny-kopirovat\/","title":{"rendered":"Pu\u0161t\u00edk obecn\u00fd"},"content":{"rendered":"<p>P\u0159i v\u00fdb\u011bru Puzzle nem\u00e1 velikost \u017e\u00e1dn\u00fd vliv!<\/p>\n","protected":false},"excerpt":{"rendered":"<p>P\u0159i v\u00fdb\u011bru Puzzle nem\u00e1 velikost \u017e\u00e1dn\u00fd vliv!<\/p>\n","protected":false},"featured_media":1979,"template":"","meta":[],"product_brand":[],"product_cat":[50],"product_tag":[],"class_list":{"0":"post-2323","1":"product","2":"type-product","3":"status-publish","4":"has-post-thumbnail","6":"product_cat-fauna","7":"pa_podklad-puzzle","8":"pa_podklad-fotoplatno","9":"pa_velikost-45x30","10":"pa_velikost-60x40","11":"pa_velikost-90x60","12":"pa_velikost-120x80","13":"pa_velikost-150x100","15":"first","16":"instock","17":"featured","18":"shipping-taxable","19":"product-type-variable","20":"has-default-attributes"},"acf":[],"_links":{"self":[{"href":"https:\/\/www.inu.cz\/barton\/wp-json\/wp\/v2\/product\/2323"}],"collection":[{"href":"https:\/\/www.inu.cz\/barton\/wp-json\/wp\/v2\/product"}],"about":[{"href":"https:\/\/www.inu.cz\/barton\/wp-json\/wp\/v2\/types\/product"}],"wp:featuredmedia":[{"embeddable":true,"href":"https:\/\/www.inu.cz\/barton\/wp-json\/wp\/v2\/media\/1979"}],"wp:attachment":[{"href":"https:\/\/www.inu.cz\/barton\/wp-json\/wp\/v2\/media?parent=2323"}],"wp:term":[{"taxonomy":"product_brand","embeddable":true,"href":"https:\/\/www.inu.cz\/barton\/wp-json\/wp\/v2\/product_brand?post=2323"},{"taxonomy":"product_cat","embeddable":true,"href":"https:\/\/www.inu.cz\/barton\/wp-json\/wp\/v2\/product_cat?post=2323"},{"taxonomy":"product_tag","embeddable":true,"href":"https:\/\/www.inu.cz\/barton\/wp-json\/wp\/v2\/product_tag?post=2323"}],"curies":[{"name":"wp","href":"https:\/\/api.w.org\/{rel}","templated":true}]}}