{"id":2980,"date":"2022-01-19T21:47:18","date_gmt":"2022-01-19T20:47:18","guid":{"rendered":"https:\/\/www.inu.cz\/barton\/?post_type=product&#038;p=2980"},"modified":"2024-12-15T21:18:01","modified_gmt":"2024-12-15T20:18:01","slug":"zajic-polni","status":"publish","type":"product","link":"https:\/\/www.inu.cz\/barton\/produkt\/zajic-polni\/","title":{"rendered":"Zaj\u00edc poln\u00ed"},"content":{"rendered":"<p>P\u0159i v\u00fdb\u011bru Puzzle nem\u00e1 velikost \u017e\u00e1dn\u00fd vliv!<\/p>\n","protected":false},"excerpt":{"rendered":"<p>P\u0159i v\u00fdb\u011bru Puzzle nem\u00e1 velikost \u017e\u00e1dn\u00fd vliv!<\/p>\n","protected":false},"featured_media":1842,"template":"","meta":[],"product_brand":[],"product_cat":[50],"product_tag":[],"class_list":{"0":"post-2980","1":"product","2":"type-product","3":"status-publish","4":"has-post-thumbnail","6":"product_cat-fauna","7":"pa_podklad-puzzle","8":"pa_podklad-fotoplatno","9":"pa_velikost-45x30","10":"pa_velikost-60x40","11":"pa_velikost-90x60","12":"pa_velikost-120x80","13":"pa_velikost-150x100","15":"first","16":"instock","17":"shipping-taxable","18":"product-type-variable","19":"has-default-attributes"},"acf":[],"_links":{"self":[{"href":"https:\/\/www.inu.cz\/barton\/wp-json\/wp\/v2\/product\/2980"}],"collection":[{"href":"https:\/\/www.inu.cz\/barton\/wp-json\/wp\/v2\/product"}],"about":[{"href":"https:\/\/www.inu.cz\/barton\/wp-json\/wp\/v2\/types\/product"}],"wp:featuredmedia":[{"embeddable":true,"href":"https:\/\/www.inu.cz\/barton\/wp-json\/wp\/v2\/media\/1842"}],"wp:attachment":[{"href":"https:\/\/www.inu.cz\/barton\/wp-json\/wp\/v2\/media?parent=2980"}],"wp:term":[{"taxonomy":"product_brand","embeddable":true,"href":"https:\/\/www.inu.cz\/barton\/wp-json\/wp\/v2\/product_brand?post=2980"},{"taxonomy":"product_cat","embeddable":true,"href":"https:\/\/www.inu.cz\/barton\/wp-json\/wp\/v2\/product_cat?post=2980"},{"taxonomy":"product_tag","embeddable":true,"href":"https:\/\/www.inu.cz\/barton\/wp-json\/wp\/v2\/product_tag?post=2980"}],"curies":[{"name":"wp","href":"https:\/\/api.w.org\/{rel}","templated":true}]}}