{"id":6546,"date":"2022-03-11T19:00:14","date_gmt":"2022-03-11T18:00:14","guid":{"rendered":"https:\/\/www.inu.cz\/barton\/?post_type=product&#038;p=6546"},"modified":"2022-05-04T22:10:55","modified_gmt":"2022-05-04T20:10:55","slug":"vrchni-orlice-2","status":"publish","type":"product","link":"https:\/\/www.inu.cz\/barton\/produkt\/vrchni-orlice-2\/","title":{"rendered":"Vrchn\u00ed Orlice"},"content":{"rendered":"<h4><strong>Keramick\u00fd hrn\u00ed\u010dek s\u00a0motivem <span style=\"color: #800000\">Orlick\u00fdch hor<\/span><\/strong><\/h4>\n<p>Obtisky na hrn\u00ed\u010dc\u00edch jsou z vlastn\u00edch, autorsk\u00fdch fotografi\u00ed, jsou vyp\u00e1len\u00e9 do glazury a tud\u00ed\u017e vhodn\u00e9 i do my\u010dky. <br \/>Velikost hrn\u00ed\u010dku je <strong>85 mm<\/strong>, objem <strong>300 ml\u00a0<\/strong>\u00a0\u00a0\u00a0<\/p>\n","protected":false},"excerpt":{"rendered":"<p>Keramick\u00fd hrn\u00ed\u010dek s\u00a0motivem Orlick\u00fdch hor Obtisky na hrn\u00ed\u010dc\u00edch jsou z vlastn\u00edch, autorsk\u00fdch fotografi\u00ed, jsou vyp\u00e1len\u00e9 do glazury a tud\u00ed\u017e vhodn\u00e9 i do my\u010dky. Velikost hrn\u00ed\u010dku je 85 mm, objem 300 ml\u00a0\u00a0\u00a0\u00a0<\/p>\n","protected":false},"featured_media":6545,"template":"","meta":[],"product_brand":[],"product_cat":[185],"product_tag":[],"class_list":{"0":"post-6546","1":"product","2":"type-product","3":"status-publish","4":"has-post-thumbnail","6":"product_cat-hrnicky","8":"first","9":"instock","10":"shipping-taxable","11":"purchasable","12":"product-type-simple"},"acf":[],"_links":{"self":[{"href":"https:\/\/www.inu.cz\/barton\/wp-json\/wp\/v2\/product\/6546"}],"collection":[{"href":"https:\/\/www.inu.cz\/barton\/wp-json\/wp\/v2\/product"}],"about":[{"href":"https:\/\/www.inu.cz\/barton\/wp-json\/wp\/v2\/types\/product"}],"wp:featuredmedia":[{"embeddable":true,"href":"https:\/\/www.inu.cz\/barton\/wp-json\/wp\/v2\/media\/6545"}],"wp:attachment":[{"href":"https:\/\/www.inu.cz\/barton\/wp-json\/wp\/v2\/media?parent=6546"}],"wp:term":[{"taxonomy":"product_brand","embeddable":true,"href":"https:\/\/www.inu.cz\/barton\/wp-json\/wp\/v2\/product_brand?post=6546"},{"taxonomy":"product_cat","embeddable":true,"href":"https:\/\/www.inu.cz\/barton\/wp-json\/wp\/v2\/product_cat?post=6546"},{"taxonomy":"product_tag","embeddable":true,"href":"https:\/\/www.inu.cz\/barton\/wp-json\/wp\/v2\/product_tag?post=6546"}],"curies":[{"name":"wp","href":"https:\/\/api.w.org\/{rel}","templated":true}]}}