{"id":6559,"date":"2022-05-03T20:32:35","date_gmt":"2022-05-03T18:32:35","guid":{"rendered":"https:\/\/www.inu.cz\/barton\/?post_type=product&#038;p=6559"},"modified":"2024-12-12T13:06:47","modified_gmt":"2024-12-12T12:06:47","slug":"neratov-kostel-nanebevzeti-panny-marie-hrnicek","status":"publish","type":"product","link":"https:\/\/www.inu.cz\/barton\/produkt\/neratov-kostel-nanebevzeti-panny-marie-hrnicek\/","title":{"rendered":"Neratov &#8211; kostel Nanebevzet\u00ed Panny Marie"},"content":{"rendered":"<h4><strong>Keramick\u00fd hrn\u00ed\u010dek s\u00a0motivem <span style=\"color: #800000;\">Orlick\u00fdch hor<\/span><\/strong><\/h4>\n<p>Obtisky na hrn\u00ed\u010dc\u00edch jsou z vlastn\u00edch, autorsk\u00fdch fotografi\u00ed, jsou vyp\u00e1len\u00e9 do glazury a tud\u00ed\u017e vhodn\u00e9 i do my\u010dky.<br \/>\nVelikost hrn\u00ed\u010dku je <strong>85 mm<\/strong>, objem <strong>300 ml\u00a0<\/strong><\/p>\n","protected":false},"excerpt":{"rendered":"<p><span style=\"color: #ff0000;\"><strong>Tyto hrn\u00ed\u010dky jsou ji\u017e bohu\u017eel zcela vyprod\u00e1ny!<\/strong><\/span><\/p>\n","protected":false},"featured_media":6554,"template":"","meta":[],"product_brand":[],"product_cat":[185],"product_tag":[],"class_list":{"0":"post-6559","1":"product","2":"type-product","3":"status-publish","4":"has-post-thumbnail","6":"product_cat-hrnicky","8":"first","9":"outofstock","10":"shipping-taxable","11":"purchasable","12":"product-type-simple"},"acf":[],"_links":{"self":[{"href":"https:\/\/www.inu.cz\/barton\/wp-json\/wp\/v2\/product\/6559"}],"collection":[{"href":"https:\/\/www.inu.cz\/barton\/wp-json\/wp\/v2\/product"}],"about":[{"href":"https:\/\/www.inu.cz\/barton\/wp-json\/wp\/v2\/types\/product"}],"wp:featuredmedia":[{"embeddable":true,"href":"https:\/\/www.inu.cz\/barton\/wp-json\/wp\/v2\/media\/6554"}],"wp:attachment":[{"href":"https:\/\/www.inu.cz\/barton\/wp-json\/wp\/v2\/media?parent=6559"}],"wp:term":[{"taxonomy":"product_brand","embeddable":true,"href":"https:\/\/www.inu.cz\/barton\/wp-json\/wp\/v2\/product_brand?post=6559"},{"taxonomy":"product_cat","embeddable":true,"href":"https:\/\/www.inu.cz\/barton\/wp-json\/wp\/v2\/product_cat?post=6559"},{"taxonomy":"product_tag","embeddable":true,"href":"https:\/\/www.inu.cz\/barton\/wp-json\/wp\/v2\/product_tag?post=6559"}],"curies":[{"name":"wp","href":"https:\/\/api.w.org\/{rel}","templated":true}]}}